{"id":193,"date":"2019-12-13T15:36:50","date_gmt":"2019-12-13T14:36:50","guid":{"rendered":"https:\/\/www.eko-gemeinschaft.eu\/?page_id=193"},"modified":"2019-12-13T15:36:50","modified_gmt":"2019-12-13T14:36:50","slug":"impressum","status":"publish","type":"page","link":"https:\/\/www.eko-gemeinschaft.eu\/ja\/impressum\/","title":{"rendered":"Impressum"},"content":{"rendered":"\n<h3>Angaben gem\u00e4\u00df \u00a7 5 TMG<\/h3>\n\n\n\n<p>\nEKO Gemeinschaft der Europ\u00e4ischen Shin-Buddhisten e.V.<br>Br\u00fcggener Weg 6<br>40457 D\u00fcsseldorf\n\n<\/p>\n\n\n\n<h3>Vertreten durch<\/h3>\n\n\n\n<p>Erster Vorsitzender:<br>Prof. Hisao Matusumaru<\/p>\n\n\n\n<p>Zweiter Vorsitzender:<br>Marc Nottelmann-Feil<br><br>Dritter Vorsitzender (nach Satzung der Priester des EKO-Tempels):<br>Hironobu Shoju<\/p>\n\n\n\n<h3>Kontakt<\/h3>\n\n\n\n<p>Telefon: 0211-577918-224<br> Telefax: 0211-577918-219<br> <\/p>\n\n\n\n<h3>Aufsichtsbeh\u00f6rde<\/h3>\n\n\n\n<p>Aufsichts- und Dienstleistungsdirektion (ADD)<br> Willy-Brandt-Platz 3<br> D-54290 Trier<\/p>\n\n\n\n<p><a rel=\"noreferrer noopener\" aria-label=\"Click (\u00f6ffnet in neuem Tab)\" href=\"https:\/\/add.rlp.de\" target=\"_blank\">https:\/\/add.rlp.de<\/a><\/p>\n\n\n\n<h3>Streitschlichtung<\/h3>\n\n\n\n<p>Die Europ\u00e4ische Kommission stellt eine Plattform zur Online-Streitbeilegung (OS) bereit: <a href=\"https:\/\/ec.europa.eu\/consumers\/odr\" target=\"_blank\" rel=\"noreferrer noopener\">https:\/\/ec.europa.eu\/consumers\/odr<\/a>.<br> Unsere E-Mail-Adresse finden Sie oben im Impressum.<\/p>\n\n\n\n<p>Wir sind nicht bereit oder verpflichtet, an Streitbeilegungsverfahren vor einer Verbraucherschlichtungsstelle teilzunehmen.<\/p>\n\n\n\n<h3>Haftung f\u00fcr Inhalte<\/h3>\n\n\n\n<p>Als Diensteanbieter sind wir gem\u00e4\u00df \u00a7 7 \nAbs.1 TMG f\u00fcr eigene Inhalte auf diesen Seiten nach den allgemeinen \nGesetzen verantwortlich. Nach \u00a7\u00a7 8 bis 10 TMG sind wir als \nDiensteanbieter jedoch nicht verpflichtet, \u00fcbermittelte oder \ngespeicherte fremde Informationen zu \u00fcberwachen oder nach Umst\u00e4nden zu \nforschen, die auf eine rechtswidrige T\u00e4tigkeit hinweisen.<\/p>\n\n\n\n<p>Verpflichtungen\n zur Entfernung oder Sperrung der Nutzung von Informationen nach den \nallgemeinen Gesetzen bleiben hiervon unber\u00fchrt. Eine diesbez\u00fcgliche \nHaftung ist jedoch erst ab dem Zeitpunkt der Kenntnis einer konkreten \nRechtsverletzung m\u00f6glich. Bei Bekanntwerden von entsprechenden \nRechtsverletzungen werden wir diese Inhalte umgehend entfernen.<\/p>\n\n\n\n<h3>Haftung f\u00fcr Links<\/h3>\n\n\n\n<p>Unser\n Angebot enth\u00e4lt Links zu externen Websites Dritter, auf deren Inhalte \nwir keinen Einfluss haben. Deshalb k\u00f6nnen wir f\u00fcr diese fremden Inhalte \nauch keine Gew\u00e4hr \u00fcbernehmen. F\u00fcr die Inhalte der verlinkten Seiten ist \nstets der jeweilige Anbieter oder Betreiber der Seiten verantwortlich. \nDie verlinkten Seiten wurden zum Zeitpunkt der Verlinkung auf m\u00f6gliche \nRechtsverst\u00f6\u00dfe \u00fcberpr\u00fcft. Rechtswidrige Inhalte waren zum Zeitpunkt der \nVerlinkung nicht erkennbar.<\/p>\n\n\n\n<p>Eine permanente inhaltliche Kontrolle\n der verlinkten Seiten ist jedoch ohne konkrete Anhaltspunkte einer \nRechtsverletzung nicht zumutbar. Bei Bekanntwerden von \nRechtsverletzungen werden wir derartige Links umgehend entfernen.<\/p>\n\n\n\n<h3>Urheberrecht<\/h3>\n\n\n\n<p>Die\n durch die Seitenbetreiber erstellten Inhalte und Werke auf diesen \nSeiten unterliegen dem deutschen Urheberrecht. Die Vervielf\u00e4ltigung, \nBearbeitung, Verbreitung und jede Art der Verwertung au\u00dferhalb der \nGrenzen des Urheberrechtes bed\u00fcrfen der schriftlichen Zustimmung des \njeweiligen Autors bzw. Erstellers. Downloads und Kopien dieser Seite \nsind nur f\u00fcr den privaten, nicht kommerziellen Gebrauch gestattet.<\/p>\n\n\n\n<p>Soweit\n die Inhalte auf dieser Seite nicht vom Betreiber erstellt wurden, \nwerden die Urheberrechte Dritter beachtet. Insbesondere werden Inhalte \nDritter als solche gekennzeichnet. Sollten Sie trotzdem auf eine \nUrheberrechtsverletzung aufmerksam werden, bitten wir um einen \nentsprechenden Hinweis. Bei Bekanntwerden von Rechtsverletzungen werden \nwir derartige Inhalte umgehend entfernen.<\/p>\n\n\n\n<p>Quelle: <a href=\"https:\/\/www.e-recht24.de\/\" target=\"_blank\" rel=\"noreferrer noopener\">eRecht24<\/a><\/p>\n\n\n\n<p><br>0211-577918-224<br><\/p>\n\n\n\n<p><\/p>\n","protected":false},"excerpt":{"rendered":"<p>Angaben gem\u00e4\u00df \u00a7 5 TMG EKO Gemeinschaft der Europ\u00e4ischen Shin-Buddhisten e.V.Br\u00fcggener Weg 640457 D\u00fcsseldorf Vertreten durch Erster Vorsitzender:Prof. Hisao Matusumaru Zweiter Vorsitzender:Marc Nottelmann-Feil Dritter Vorsitzender (nach Satzung der Priester des EKO-Tempels):Hironobu Shoju Kontakt Telefon: 0211-577918-224 Telefax: 0211-577918-219 Aufsichtsbeh\u00f6rde Aufsichts- und Dienstleistungsdirektion (ADD) Willy-Brandt-Platz 3 D-54290 Trier https:\/\/add.rlp.de Streitschlichtung Die Europ\u00e4ische Kommission stellt eine Plattform zur &hellip; <a href=\"https:\/\/www.eko-gemeinschaft.eu\/ja\/impressum\/\" class=\"more-link\">Continue reading<span class=\"screen-reader-text\"> &#8220;Impressum&#8221;<\/span><\/a><\/p>\n","protected":false},"author":1,"featured_media":0,"parent":0,"menu_order":0,"comment_status":"closed","ping_status":"closed","template":"","meta":[],"translation":{"provider":"WPGlobus","version":"3.0.0","language":"ja","enabled_languages":["de","en","ja"],"languages":{"de":{"title":true,"content":true,"excerpt":false},"en":{"title":false,"content":false,"excerpt":false},"ja":{"title":false,"content":false,"excerpt":false}}},"_links":{"self":[{"href":"https:\/\/www.eko-gemeinschaft.eu\/ja\/wp-json\/wp\/v2\/pages\/193"}],"collection":[{"href":"https:\/\/www.eko-gemeinschaft.eu\/ja\/wp-json\/wp\/v2\/pages"}],"about":[{"href":"https:\/\/www.eko-gemeinschaft.eu\/ja\/wp-json\/wp\/v2\/types\/page"}],"author":[{"embeddable":true,"href":"https:\/\/www.eko-gemeinschaft.eu\/ja\/wp-json\/wp\/v2\/users\/1"}],"replies":[{"embeddable":true,"href":"https:\/\/www.eko-gemeinschaft.eu\/ja\/wp-json\/wp\/v2\/comments?post=193"}],"version-history":[{"count":1,"href":"https:\/\/www.eko-gemeinschaft.eu\/ja\/wp-json\/wp\/v2\/pages\/193\/revisions"}],"predecessor-version":[{"id":196,"href":"https:\/\/www.eko-gemeinschaft.eu\/ja\/wp-json\/wp\/v2\/pages\/193\/revisions\/196"}],"wp:attachment":[{"href":"https:\/\/www.eko-gemeinschaft.eu\/ja\/wp-json\/wp\/v2\/media?parent=193"}],"curies":[{"name":"wp","href":"https:\/\/api.w.org\/{rel}","templated":true}]}}