{"id":20,"date":"2019-09-05T15:52:02","date_gmt":"2019-09-05T13:52:02","guid":{"rendered":"http:\/\/www.eko-gemeinschaft.eu\/?page_id=20"},"modified":"2026-03-06T18:37:29","modified_gmt":"2026-03-06T17:37:29","slug":"veranstaltungen","status":"publish","type":"page","link":"https:\/\/www.eko-gemeinschaft.eu\/en\/veranstaltungen\/","title":{"rendered":"Events"},"content":{"rendered":"\n<h2 class=\"has-light-blue-background-color has-background\">H\u014donk\u014d Service and Seminar 2026<\/h2>\n\n\n\n<p><strong>Fr. 27.11. -29.11.2026  <\/strong><br><strong>&#8220;H\u014dnen, Shinran, and the Challenges of the World Today&#8221;<br>Dr. Martin Repp <\/strong><\/p>\n\n\n\n<p><a href=\"https:\/\/www.eko-gemeinschaft.eu\/wp-content\/uploads\/2026\/03\/Hoonkoseminar-2026-timetable.pdf\" target=\"_blank\" rel=\"noreferrer noopener\">Timetabl<\/a><a rel=\"noreferrer noopener\" href=\"https:\/\/www.eko-gemeinschaft.eu\/wp-content\/uploads\/2025\/10\/Hoonkoseminar-2025-timetable.xlsx\" target=\"_blank\">e<\/a><\/p>\n\n\n\n<figure class=\"wp-block-image size-full\"><img decoding=\"async\" loading=\"lazy\" width=\"429\" height=\"567\" src=\"https:\/\/www.eko-gemeinschaft.eu\/wp-content\/uploads\/2026\/03\/Bild-Martin-Repp2.png\" alt=\"\" class=\"wp-image-1580\" srcset=\"https:\/\/www.eko-gemeinschaft.eu\/wp-content\/uploads\/2026\/03\/Bild-Martin-Repp2.png 429w, https:\/\/www.eko-gemeinschaft.eu\/wp-content\/uploads\/2026\/03\/Bild-Martin-Repp2-227x300.png 227w\" sizes=\"(max-width: 429px) 85vw, 429px\" \/><\/figure>\n\n\n\n<p>&nbsp;1. Religious reforms and innovations<\/p>\n\n\n\n<p>2. Pure Land Buddhist Ethics \u2013 Foundations and Applications<\/p>\n\n\n\n<p>3. Intra-Buddhist and Interreligious Communication<\/p>\n\n\n\n<p>Since H\u014dnen and Shinran introduced groundbreaking innovations, their movements may be characterized as Buddhist reform movements. However, religious reforms do not only tackle decadence or abuse, but most of all they try to adjust teaching and\/or practice to the changes of their times (<em>taiki sepp\u014d<\/em>). Because the establishment of J\u014ddo-sh\u016b and J\u014ddo Shinsh\u016b now has passed since quite some time, the question has to be considered whether they still meet the requirements of our times and places today.<\/p>\n\n\n\n<p>We invite active participation and look forward to your input.<\/p>\n\n\n\n<p>Those who wich to hage meals with other participants for lunch on 28 Nov should inform us by 24 Nov, 2025 and pay additionally \u20ac15 for the lunch box in cash.  (Again: nottelmann@eko-haus.de)<\/p>\n\n\n\n<p>* Payment of the registration fee:<\/p>\n\n\n\n<p><strong>EK\u014c Gemeinschaft der Europ\u00e4ischen Shin-Buddhisten e.V.<br>BIC: DEUTDEDBDUE,<br>IBAN: DE57300700240645337700<\/strong><br><strong>Purpose:  \u201eHoonko Seminar\u201c<\/strong><\/p>\n\n\n\n<p><br><\/p>\n","protected":false},"excerpt":{"rendered":"<p>H\u014donk\u014d Service and Seminar 2026 Fr. 27.11. -29.11.2026 &#8220;H\u014dnen, Shinran, and the Challenges of the World Today&#8221;Dr. Martin Repp Timetable &nbsp;1. Religious reforms and innovations 2. Pure Land Buddhist Ethics \u2013 Foundations and Applications 3. Intra-Buddhist and Interreligious Communication Since H\u014dnen and Shinran introduced groundbreaking innovations, their movements may be characterized as Buddhist reform movements. &hellip; <a href=\"https:\/\/www.eko-gemeinschaft.eu\/en\/veranstaltungen\/\" class=\"more-link\">Continue reading<span class=\"screen-reader-text\"> &#8220;Events&#8221;<\/span><\/a><\/p>\n","protected":false},"author":2,"featured_media":0,"parent":0,"menu_order":0,"comment_status":"closed","ping_status":"closed","template":"","meta":[],"translation":{"provider":"WPGlobus","version":"3.0.0","language":"en","enabled_languages":["de","en","ja"],"languages":{"de":{"title":true,"content":true,"excerpt":false},"en":{"title":true,"content":true,"excerpt":false},"ja":{"title":true,"content":true,"excerpt":false}}},"_links":{"self":[{"href":"https:\/\/www.eko-gemeinschaft.eu\/en\/wp-json\/wp\/v2\/pages\/20"}],"collection":[{"href":"https:\/\/www.eko-gemeinschaft.eu\/en\/wp-json\/wp\/v2\/pages"}],"about":[{"href":"https:\/\/www.eko-gemeinschaft.eu\/en\/wp-json\/wp\/v2\/types\/page"}],"author":[{"embeddable":true,"href":"https:\/\/www.eko-gemeinschaft.eu\/en\/wp-json\/wp\/v2\/users\/2"}],"replies":[{"embeddable":true,"href":"https:\/\/www.eko-gemeinschaft.eu\/en\/wp-json\/wp\/v2\/comments?post=20"}],"version-history":[{"count":267,"href":"https:\/\/www.eko-gemeinschaft.eu\/en\/wp-json\/wp\/v2\/pages\/20\/revisions"}],"predecessor-version":[{"id":1587,"href":"https:\/\/www.eko-gemeinschaft.eu\/en\/wp-json\/wp\/v2\/pages\/20\/revisions\/1587"}],"wp:attachment":[{"href":"https:\/\/www.eko-gemeinschaft.eu\/en\/wp-json\/wp\/v2\/media?parent=20"}],"curies":[{"name":"wp","href":"https:\/\/api.w.org\/{rel}","templated":true}]}}